{"id":1604,"date":"2023-04-11T08:38:38","date_gmt":"2023-04-11T06:38:38","guid":{"rendered":"https:\/\/www.miller-incoming.com\/ferias\/"},"modified":"2025-11-18T14:36:02","modified_gmt":"2025-11-18T13:36:02","slug":"ferias","status":"publish","type":"page","link":"https:\/\/www.miller-incoming.com\/es\/informacion\/ferias\/","title":{"rendered":"Ferias"},"content":{"rendered":"\n<style type=\"text\/css\" data-created_by=\"avia_inline_auto\" id=\"style-css-av-79w6ox-2e0e35caa6e0bee32461d1b0c0a7e4b0\">\n.avia-section.av-79w6ox-2e0e35caa6e0bee32461d1b0c0a7e4b0{\nbackground-repeat:no-repeat;\nbackground-image:url(https:\/\/www.miller-incoming.com\/wp-content\/uploads\/2023\/04\/FITUR-Madrid.jpg);\nbackground-position:50% 50%;\nbackground-attachment:scroll;\n}\n<\/style>\n<div id='av_section_1'  class='avia-section av-79w6ox-2e0e35caa6e0bee32461d1b0c0a7e4b0 main_color avia-section-default avia-no-border-styling  avia-builder-el-0  el_before_av_one_full  avia-builder-el-first  avia-full-stretch avia-bg-style-scroll av-minimum-height av-minimum-height-75 av-height-75  container_wrap fullsize'  data-section-bg-repeat='stretch' data-av_minimum_height_pc='75' data-av_min_height_opt='75'><div class='container av-section-cont-open' ><main  role=\"main\" itemprop=\"mainContentOfPage\"  class='template-page content  av-content-full alpha units'><div class='post-entry post-entry-type-page post-entry-1604'><div class='entry-content-wrapper clearfix'><\/div><\/div><\/main><!-- close content main element --><\/div><\/div><div id='after_section_1'  class='main_color av_default_container_wrap container_wrap fullsize'  ><div class='container av-section-cont-open' ><div class='template-page content  av-content-full alpha units'><div class='post-entry post-entry-type-page post-entry-1604'><div class='entry-content-wrapper clearfix'>\n\n<style type=\"text\/css\" data-created_by=\"avia_inline_auto\" id=\"style-css-av-5kbbld-159dd1f878359d4dae95d9cb63ba3a6b\">\n@keyframes av_boxShadowEffect_av-5kbbld-159dd1f878359d4dae95d9cb63ba3a6b-column {\n0%   { box-shadow:  0 0 0 0 #b7b7b7; opacity: 1; }\n100% { box-shadow:  0 0 8px 0 #b7b7b7; opacity: 1; }\n}\n#top .flex_column.av-5kbbld-159dd1f878359d4dae95d9cb63ba3a6b{\nmargin-top:-100px;\nmargin-bottom:0px;\n}\n.flex_column.av-5kbbld-159dd1f878359d4dae95d9cb63ba3a6b{\nbox-shadow: 0 0 8px 0 #b7b7b7;\npadding:50px 50px 50px 50px;\nbackground-color:#ffffff;\n}\n.responsive #top #wrap_all .flex_column.av-5kbbld-159dd1f878359d4dae95d9cb63ba3a6b{\nmargin-top:-100px;\nmargin-bottom:0px;\n}\n<\/style>\n<div  class='flex_column av-5kbbld-159dd1f878359d4dae95d9cb63ba3a6b av_one_full  avia-builder-el-1  el_after_av_section  el_before_av_section  avia-builder-el-no-sibling  first flex_column_div shadow-not-animated  '     ><p>\n<style type=\"text\/css\" data-created_by=\"avia_inline_auto\" id=\"style-css-av-1vll4x-5e5cff74c739227b358de62b4aabd406\">\n#top .av-special-heading.av-1vll4x-5e5cff74c739227b358de62b4aabd406{\npadding-bottom:10px;\n}\nbody .av-special-heading.av-1vll4x-5e5cff74c739227b358de62b4aabd406 .av-special-heading-tag .heading-char{\nfont-size:25px;\n}\n.av-special-heading.av-1vll4x-5e5cff74c739227b358de62b4aabd406 .av-subheading{\nfont-size:38px;\n}\n<\/style>\n<div  class='av-special-heading av-1vll4x-5e5cff74c739227b358de62b4aabd406 av-special-heading-h1 blockquote modern-quote modern-centered  avia-builder-el-2  el_before_av_hr  avia-builder-el-first '><h1 class='av-special-heading-tag '  itemprop=\"headline\"  >Ferias comerciales<\/h1><div class='av-subheading av-subheading_below'><p>EN TODO EL MUNDO<\/p>\n<\/div><div class=\"special-heading-border\"><div class=\"special-heading-inner-border\"><\/div><\/div><\/div><br \/>\n\n<style type=\"text\/css\" data-created_by=\"avia_inline_auto\" id=\"style-css-av-482zvl-d8fed4b7baaef1dbce85aeac9e6592ff\">\n#top .hr.av-482zvl-d8fed4b7baaef1dbce85aeac9e6592ff{\nmargin-top:30px;\nmargin-bottom:30px;\n}\n.hr.av-482zvl-d8fed4b7baaef1dbce85aeac9e6592ff .hr-inner{\nwidth:10%;\nborder-color:#6a1848;\n}\n<\/style>\n<div  class='hr av-482zvl-d8fed4b7baaef1dbce85aeac9e6592ff hr-custom  avia-builder-el-3  el_after_av_heading  el_before_av_textblock  hr-center hr-icon-no'><span class='hr-inner inner-border-av-border-fat'><span class=\"hr-inner-style\"><\/span><\/span><\/div><br \/>\n<section  class='av_textblock_section av-lgbw99is-ab6e00ae5957575820b8d8b47d1e96e1 '   itemscope=\"itemscope\" itemtype=\"https:\/\/schema.org\/CreativeWork\" ><div class='avia_textblock'  itemprop=\"text\" ><p style=\"text-align: center;\">Miller Incoming est\u00e1 especializada en los mercados de Norteam\u00e9rica, Sudam\u00e9rica y la Pen\u00ednsula Ib\u00e9rica. Las ferias de nuestros destinos, como FITUR en Madrid, son un importante punto de contacto para entrar en contacto con socios y clientes.<\/p>\n<\/div><\/section><\/p><\/div>\n<\/div><\/div><\/div><!-- close content main div --><\/div><\/div><div id='av_section_2'  class='avia-section av-1z66rl-2f8af8586739c2ef0924ec7a18e06716 main_color avia-section-default avia-no-border-styling  avia-builder-el-5  el_after_av_one_full  avia-builder-el-last  avia-bg-style-scroll container_wrap fullsize'  ><div class='container av-section-cont-open' ><div class='template-page content  av-content-full alpha units'><div class='post-entry post-entry-type-page post-entry-1604'><div class='entry-content-wrapper clearfix'>\n\n<style type=\"text\/css\" data-created_by=\"avia_inline_auto\" id=\"style-css-av-lgbw7l9j-7a0b082cc07a326310820d736aa4275b\">\n#top .av-special-heading.av-lgbw7l9j-7a0b082cc07a326310820d736aa4275b{\npadding-bottom:10px;\nfont-size:25px;\n}\nbody .av-special-heading.av-lgbw7l9j-7a0b082cc07a326310820d736aa4275b .av-special-heading-tag .heading-char{\nfont-size:25px;\n}\n#top #wrap_all .av-special-heading.av-lgbw7l9j-7a0b082cc07a326310820d736aa4275b .av-special-heading-tag{\nfont-size:25px;\n}\n.av-special-heading.av-lgbw7l9j-7a0b082cc07a326310820d736aa4275b .av-subheading{\nfont-size:38px;\n}\n\n@media only screen and (min-width: 480px) and (max-width: 767px){ \n#top #wrap_all .av-special-heading.av-lgbw7l9j-7a0b082cc07a326310820d736aa4275b .av-special-heading-tag{\nfont-size:0.8em;\n}\n}\n\n@media only screen and (max-width: 479px){ \n#top #wrap_all .av-special-heading.av-lgbw7l9j-7a0b082cc07a326310820d736aa4275b .av-special-heading-tag{\nfont-size:0.8em;\n}\n}\n<\/style>\n<div  class='av-special-heading av-lgbw7l9j-7a0b082cc07a326310820d736aa4275b av-special-heading-h2 blockquote modern-quote modern-centered  avia-builder-el-6  el_before_av_hr  avia-builder-el-first  av-inherit-size'><h2 class='av-special-heading-tag '  itemprop=\"headline\"  >Conoce a nuestro equipo en las siguientes ferias<\/h2><div class=\"special-heading-border\"><div class=\"special-heading-inner-border\"><\/div><\/div><\/div>\n\n<style type=\"text\/css\" data-created_by=\"avia_inline_auto\" id=\"style-css-av-mbfc0ke6-6d55ca68510a0b7fff74805af2ef3af9\">\n#top .hr.av-mbfc0ke6-6d55ca68510a0b7fff74805af2ef3af9{\nmargin-top:30px;\nmargin-bottom:30px;\n}\n.hr.av-mbfc0ke6-6d55ca68510a0b7fff74805af2ef3af9 .hr-inner{\nwidth:10%;\nborder-color:#6a1848;\n}\n<\/style>\n<div  class='hr av-mbfc0ke6-6d55ca68510a0b7fff74805af2ef3af9 hr-custom  avia-builder-el-7  el_after_av_heading  el_before_av_one_half  hr-center hr-icon-no'><span class='hr-inner inner-border-av-border-none'><span class=\"hr-inner-style\"><\/span><\/span><\/div>\n<div  class='flex_column av-1uqxqp-026826d50811978fe78953e012c3c8ce av_one_half  avia-builder-el-8  el_after_av_hr  el_before_av_one_half  first flex_column_div  '     ><style type=\"text\/css\" data-created_by=\"avia_inline_auto\" id=\"style-css-av-lgkgrwzg-b51c1fe13b511cf5486b80bb5a9bb8b7\">\n.avia-image-container.av-lgkgrwzg-b51c1fe13b511cf5486b80bb5a9bb8b7 img.avia_image{\nbox-shadow:none;\n}\n.avia-image-container.av-lgkgrwzg-b51c1fe13b511cf5486b80bb5a9bb8b7 .av-image-caption-overlay-center{\ncolor:#ffffff;\n}\n<\/style>\n<div  class='avia-image-container av-lgkgrwzg-b51c1fe13b511cf5486b80bb5a9bb8b7 av-styling- avia-align-center  avia-builder-el-9  avia-builder-el-no-sibling '   itemprop=\"image\" itemscope=\"itemscope\" itemtype=\"https:\/\/schema.org\/ImageObject\" ><div class=\"avia-image-container-inner\"><div class=\"avia-image-overlay-wrap\"><img decoding=\"async\" fetchpriority=\"high\" class='wp-image-1553 avia-img-lazy-loading-not-1553 avia_image ' src=\"https:\/\/www.miller-incoming.com\/wp-content\/uploads\/2023\/04\/Fitur_incoming.jpg\" alt='The Miller Incoming team at the trade fair' title='Fitur_incoming'  height=\"768\" width=\"1024\"  itemprop=\"thumbnailUrl\" srcset=\"https:\/\/www.miller-incoming.com\/wp-content\/uploads\/2023\/04\/Fitur_incoming.jpg 1024w, https:\/\/www.miller-incoming.com\/wp-content\/uploads\/2023\/04\/Fitur_incoming-300x225.jpg 300w, https:\/\/www.miller-incoming.com\/wp-content\/uploads\/2023\/04\/Fitur_incoming-768x576.jpg 768w, https:\/\/www.miller-incoming.com\/wp-content\/uploads\/2023\/04\/Fitur_incoming-705x529.jpg 705w\" sizes=\"(max-width: 1024px) 100vw, 1024px\" \/><\/div><\/div><\/div><\/div><div  class='flex_column av-45v1sh-a307e6a958e1495a77b74eacc59d5f02 av_one_half  avia-builder-el-10  el_after_av_one_half  avia-builder-el-last  flex_column_div  '     ><section  class='av_textblock_section av-mbgc61yt-6d6fc93dfdc18239f69558c63a7a2141 '   itemscope=\"itemscope\" itemtype=\"https:\/\/schema.org\/CreativeWork\" ><div class='avia_textblock'  itemprop=\"text\" ><h3><strong>ILTM<\/strong><\/h3>\n<p>Cannes 02. \u2013 04.12.2025<\/p>\n<h3><strong>Fitur<\/strong><\/h3>\n<p>Madrid 21. \u2013 23.01.2026<\/p>\n<h3><strong>ITB<\/strong><\/h3>\n<p>Berlin 03. \u2013 05.03.2026<\/p>\n<h3><strong>GTM<\/strong><\/h3>\n<p>Oberhausen 19. \u2013 21.04.2026<\/p>\n<\/div><\/section><\/div>\n","protected":false},"excerpt":{"rendered":"","protected":false},"author":4,"featured_media":0,"parent":1777,"menu_order":0,"comment_status":"closed","ping_status":"closed","template":"","meta":{"footnotes":""},"class_list":["post-1604","page","type-page","status-publish","hentry"],"yoast_head":"<!-- This site is optimized with the Yoast SEO plugin v27.3 - https:\/\/yoast.com\/product\/yoast-seo-wordpress\/ -->\n<title>Meet Us at Travel Trade Fairs | Miller Incoming<\/title>\n<meta name=\"description\" content=\"Find out where to meet Miller Incoming at upcoming travel trade fairs. Connect with our DMC experts for Germany, Austria, and Switzerland and explore new group travel opportunities.\" \/>\n<meta name=\"robots\" content=\"index, follow, max-snippet:-1, max-image-preview:large, max-video-preview:-1\" \/>\n<link rel=\"canonical\" href=\"https:\/\/www.miller-incoming.com\/es\/informacion\/ferias\/\" \/>\n<meta property=\"og:locale\" content=\"es_ES\" \/>\n<meta property=\"og:type\" content=\"article\" \/>\n<meta property=\"og:title\" content=\"Meet Us at Travel Trade Fairs | Miller Incoming\" \/>\n<meta property=\"og:description\" content=\"Find out where to meet Miller Incoming at upcoming travel trade fairs. Connect with our DMC experts for Germany, Austria, and Switzerland and explore new group travel opportunities.\" \/>\n<meta property=\"og:url\" content=\"https:\/\/www.miller-incoming.com\/es\/informacion\/ferias\/\" \/>\n<meta property=\"og:site_name\" content=\"Miller Incoming\" \/>\n<meta property=\"article:modified_time\" content=\"2025-11-18T13:36:02+00:00\" \/>\n<meta property=\"og:image\" content=\"https:\/\/www.miller-incoming.com\/wp-content\/uploads\/2023\/02\/Schloss-Neuschwanstein_Miller-Incoming.jpg\" \/>\n\t<meta property=\"og:image:width\" content=\"2000\" \/>\n\t<meta property=\"og:image:height\" content=\"860\" \/>\n\t<meta property=\"og:image:type\" content=\"image\/jpeg\" \/>\n<meta name=\"twitter:card\" content=\"summary_large_image\" \/>\n<meta name=\"twitter:label1\" content=\"Tiempo de lectura\" \/>\n\t<meta name=\"twitter:data1\" content=\"1 minuto\" \/>\n<script type=\"application\/ld+json\" class=\"yoast-schema-graph\">{\"@context\":\"https:\\\/\\\/schema.org\",\"@graph\":[{\"@type\":\"WebPage\",\"@id\":\"https:\\\/\\\/www.miller-incoming.com\\\/es\\\/informacion\\\/ferias\\\/\",\"url\":\"https:\\\/\\\/www.miller-incoming.com\\\/es\\\/informacion\\\/ferias\\\/\",\"name\":\"Meet Us at Travel Trade Fairs | Miller Incoming\",\"isPartOf\":{\"@id\":\"https:\\\/\\\/www.miller-incoming.com\\\/#website\"},\"datePublished\":\"2023-04-11T06:38:38+00:00\",\"dateModified\":\"2025-11-18T13:36:02+00:00\",\"description\":\"Find out where to meet Miller Incoming at upcoming travel trade fairs. Connect with our DMC experts for Germany, Austria, and Switzerland and explore new group travel opportunities.\",\"breadcrumb\":{\"@id\":\"https:\\\/\\\/www.miller-incoming.com\\\/es\\\/informacion\\\/ferias\\\/#breadcrumb\"},\"inLanguage\":\"es\",\"potentialAction\":[{\"@type\":\"ReadAction\",\"target\":[\"https:\\\/\\\/www.miller-incoming.com\\\/es\\\/informacion\\\/ferias\\\/\"]}]},{\"@type\":\"BreadcrumbList\",\"@id\":\"https:\\\/\\\/www.miller-incoming.com\\\/es\\\/informacion\\\/ferias\\\/#breadcrumb\",\"itemListElement\":[{\"@type\":\"ListItem\",\"position\":1,\"name\":\"Home\",\"item\":\"https:\\\/\\\/www.miller-incoming.com\\\/es\\\/pagina-inicial\\\/\"},{\"@type\":\"ListItem\",\"position\":2,\"name\":\"Informaci\u00f3n\",\"item\":\"https:\\\/\\\/www.miller-incoming.com\\\/es\\\/informacion\\\/\"},{\"@type\":\"ListItem\",\"position\":3,\"name\":\"Ferias\"}]},{\"@type\":\"WebSite\",\"@id\":\"https:\\\/\\\/www.miller-incoming.com\\\/#website\",\"url\":\"https:\\\/\\\/www.miller-incoming.com\\\/\",\"name\":\"Miller Incoming\",\"description\":\"DMC for Germany, Austria, Switzerland\",\"publisher\":{\"@id\":\"https:\\\/\\\/www.miller-incoming.com\\\/#organization\"},\"potentialAction\":[{\"@type\":\"SearchAction\",\"target\":{\"@type\":\"EntryPoint\",\"urlTemplate\":\"https:\\\/\\\/www.miller-incoming.com\\\/?s={search_term_string}\"},\"query-input\":{\"@type\":\"PropertyValueSpecification\",\"valueRequired\":true,\"valueName\":\"search_term_string\"}}],\"inLanguage\":\"es\"},{\"@type\":\"Organization\",\"@id\":\"https:\\\/\\\/www.miller-incoming.com\\\/#organization\",\"name\":\"Miller Incoming GmbH\",\"url\":\"https:\\\/\\\/www.miller-incoming.com\\\/\",\"logo\":{\"@type\":\"ImageObject\",\"inLanguage\":\"es\",\"@id\":\"https:\\\/\\\/www.miller-incoming.com\\\/#\\\/schema\\\/logo\\\/image\\\/\",\"url\":\"https:\\\/\\\/www.miller-incoming.com\\\/wp-content\\\/uploads\\\/2023\\\/02\\\/Miller-Incoming.png\",\"contentUrl\":\"https:\\\/\\\/www.miller-incoming.com\\\/wp-content\\\/uploads\\\/2023\\\/02\\\/Miller-Incoming.png\",\"width\":195,\"height\":109,\"caption\":\"Miller Incoming GmbH\"},\"image\":{\"@id\":\"https:\\\/\\\/www.miller-incoming.com\\\/#\\\/schema\\\/logo\\\/image\\\/\"},\"sameAs\":[\"https:\\\/\\\/de.linkedin.com\\\/company\\\/miller-incoming-gmbh\"]}]}<\/script>\n<!-- \/ Yoast SEO plugin. -->","yoast_head_json":{"title":"Meet Us at Travel Trade Fairs | Miller Incoming","description":"Find out where to meet Miller Incoming at upcoming travel trade fairs. Connect with our DMC experts for Germany, Austria, and Switzerland and explore new group travel opportunities.","robots":{"index":"index","follow":"follow","max-snippet":"max-snippet:-1","max-image-preview":"max-image-preview:large","max-video-preview":"max-video-preview:-1"},"canonical":"https:\/\/www.miller-incoming.com\/es\/informacion\/ferias\/","og_locale":"es_ES","og_type":"article","og_title":"Meet Us at Travel Trade Fairs | Miller Incoming","og_description":"Find out where to meet Miller Incoming at upcoming travel trade fairs. Connect with our DMC experts for Germany, Austria, and Switzerland and explore new group travel opportunities.","og_url":"https:\/\/www.miller-incoming.com\/es\/informacion\/ferias\/","og_site_name":"Miller Incoming","article_modified_time":"2025-11-18T13:36:02+00:00","og_image":[{"width":2000,"height":860,"url":"https:\/\/www.miller-incoming.com\/wp-content\/uploads\/2023\/02\/Schloss-Neuschwanstein_Miller-Incoming.jpg","type":"image\/jpeg"}],"twitter_card":"summary_large_image","twitter_misc":{"Tiempo de lectura":"1 minuto"},"schema":{"@context":"https:\/\/schema.org","@graph":[{"@type":"WebPage","@id":"https:\/\/www.miller-incoming.com\/es\/informacion\/ferias\/","url":"https:\/\/www.miller-incoming.com\/es\/informacion\/ferias\/","name":"Meet Us at Travel Trade Fairs | Miller Incoming","isPartOf":{"@id":"https:\/\/www.miller-incoming.com\/#website"},"datePublished":"2023-04-11T06:38:38+00:00","dateModified":"2025-11-18T13:36:02+00:00","description":"Find out where to meet Miller Incoming at upcoming travel trade fairs. Connect with our DMC experts for Germany, Austria, and Switzerland and explore new group travel opportunities.","breadcrumb":{"@id":"https:\/\/www.miller-incoming.com\/es\/informacion\/ferias\/#breadcrumb"},"inLanguage":"es","potentialAction":[{"@type":"ReadAction","target":["https:\/\/www.miller-incoming.com\/es\/informacion\/ferias\/"]}]},{"@type":"BreadcrumbList","@id":"https:\/\/www.miller-incoming.com\/es\/informacion\/ferias\/#breadcrumb","itemListElement":[{"@type":"ListItem","position":1,"name":"Home","item":"https:\/\/www.miller-incoming.com\/es\/pagina-inicial\/"},{"@type":"ListItem","position":2,"name":"Informaci\u00f3n","item":"https:\/\/www.miller-incoming.com\/es\/informacion\/"},{"@type":"ListItem","position":3,"name":"Ferias"}]},{"@type":"WebSite","@id":"https:\/\/www.miller-incoming.com\/#website","url":"https:\/\/www.miller-incoming.com\/","name":"Miller Incoming","description":"DMC for Germany, Austria, Switzerland","publisher":{"@id":"https:\/\/www.miller-incoming.com\/#organization"},"potentialAction":[{"@type":"SearchAction","target":{"@type":"EntryPoint","urlTemplate":"https:\/\/www.miller-incoming.com\/?s={search_term_string}"},"query-input":{"@type":"PropertyValueSpecification","valueRequired":true,"valueName":"search_term_string"}}],"inLanguage":"es"},{"@type":"Organization","@id":"https:\/\/www.miller-incoming.com\/#organization","name":"Miller Incoming GmbH","url":"https:\/\/www.miller-incoming.com\/","logo":{"@type":"ImageObject","inLanguage":"es","@id":"https:\/\/www.miller-incoming.com\/#\/schema\/logo\/image\/","url":"https:\/\/www.miller-incoming.com\/wp-content\/uploads\/2023\/02\/Miller-Incoming.png","contentUrl":"https:\/\/www.miller-incoming.com\/wp-content\/uploads\/2023\/02\/Miller-Incoming.png","width":195,"height":109,"caption":"Miller Incoming GmbH"},"image":{"@id":"https:\/\/www.miller-incoming.com\/#\/schema\/logo\/image\/"},"sameAs":["https:\/\/de.linkedin.com\/company\/miller-incoming-gmbh"]}]}},"_links":{"self":[{"href":"https:\/\/www.miller-incoming.com\/es\/wp-json\/wp\/v2\/pages\/1604","targetHints":{"allow":["GET"]}}],"collection":[{"href":"https:\/\/www.miller-incoming.com\/es\/wp-json\/wp\/v2\/pages"}],"about":[{"href":"https:\/\/www.miller-incoming.com\/es\/wp-json\/wp\/v2\/types\/page"}],"author":[{"embeddable":true,"href":"https:\/\/www.miller-incoming.com\/es\/wp-json\/wp\/v2\/users\/4"}],"replies":[{"embeddable":true,"href":"https:\/\/www.miller-incoming.com\/es\/wp-json\/wp\/v2\/comments?post=1604"}],"version-history":[{"count":13,"href":"https:\/\/www.miller-incoming.com\/es\/wp-json\/wp\/v2\/pages\/1604\/revisions"}],"predecessor-version":[{"id":3670,"href":"https:\/\/www.miller-incoming.com\/es\/wp-json\/wp\/v2\/pages\/1604\/revisions\/3670"}],"up":[{"embeddable":true,"href":"https:\/\/www.miller-incoming.com\/es\/wp-json\/wp\/v2\/pages\/1777"}],"wp:attachment":[{"href":"https:\/\/www.miller-incoming.com\/es\/wp-json\/wp\/v2\/media?parent=1604"}],"curies":[{"name":"wp","href":"https:\/\/api.w.org\/{rel}","templated":true}]}}