{"id":3419,"date":"2025-06-27T10:54:16","date_gmt":"2025-06-27T08:54:16","guid":{"rendered":"https:\/\/www.miller-incoming.com\/?page_id=3419"},"modified":"2025-06-27T11:19:53","modified_gmt":"2025-06-27T09:19:53","slug":"accesibilidad","status":"publish","type":"page","link":"https:\/\/www.miller-incoming.com\/es\/accesibilidad\/","title":{"rendered":"Accesibilidad"},"content":{"rendered":"<section  class='av_textblock_section av-mcelpfvm-bbef1eaef42f21981c668a377d5e101c '   itemscope=\"itemscope\" itemtype=\"https:\/\/schema.org\/CreativeWork\" ><div class='avia_textblock'  itemprop=\"text\" ><h1>Declaraci\u00f3n de Accesibilidad<\/h1>\n<p><strong>Nota importante: esta declaraci\u00f3n de accesibilidad ha sido traducida autom\u00e1ticamente al espa\u00f1ol. La versi\u00f3n original en alem\u00e1n (creada por e-recht24) se puede encontrar a continuaci\u00f3n.<\/strong><\/p>\n<p>Nosotros (Miller Incoming GmbH), como operadores del sitio web, nos esforzamos por dise\u00f1ar este sitio web de acuerdo con las normativas aplicables en materia de accesibilidad. Nos aplican las siguientes disposiciones legales:<\/p>\n<p>Ley estatal sobre la igualdad de oportunidades para personas con discapacidad (Landes-Behindertengleichstellungsgesetz &#8211; L-BGG) y el reglamento de aplicaci\u00f3n de la L-BGG<\/p>\n<h2>Sitio web<\/h2>\n<p>Esta declaraci\u00f3n de accesibilidad se aplica al sitio web <a href=\"https:\/\/www.miller-incoming.com\/es\/\">https:\/\/www.miller-incoming.com<\/a>.<\/p>\n<h3>\u00daltima actualizaci\u00f3n del sitio web<\/h3>\n<p>Este sitio web fue revisado de forma sustancial por \u00faltima vez el 23\/06\/2025.<\/p>\n<h2>Comentarios e informaci\u00f3n de contacto<\/h2>\n<p>\u00bfHa notado alguna deficiencia en el acceso accesible a los contenidos de nuestro sitio web, o tiene comentarios o preguntas sobre el acceso accesible? No dude en contactarnos:<\/p>\n<p>Miller Incoming GmbH<br \/>\nMillerhof 2-5<br \/>\nD-88281 Schlier<br \/>\nAlemania<\/p>\n<p>Tel\u00e9fono: +49 (0) 7529 9713-60<\/p>\n<p>info@miller-incoming.com<\/p>\n<p><a href=\"https:\/\/www.miller-incoming.com\/es\/contacto\/\">https:\/\/www.miller-incoming.com\/contact\/<\/a><\/p>\n<h2>Estado de conformidad con los requisitos<\/h2>\n<p>Este sitio web no cumple completamente con las disposiciones sobre accesibilidad que nos son aplicables. En concreto:<\/p>\n<h3>Incompatibilidad con la normativa sobre accesibilidad<\/h3>\n<p>Los siguientes contenidos no cumplen con las disposiciones legales pertinentes sobre accesibilidad:<\/p>\n<ul>\n<li>Los archivos PDF que ofrecemos para su descarga no son accesibles.<\/li>\n<li>Los videos no incluyen subt\u00edtulos ni interpretaci\u00f3n en lengua de se\u00f1as.<\/li>\n<\/ul>\n<h3>M\u00e9todo de evaluaci\u00f3n<\/h3>\n<p>Autoevaluaci\u00f3n<\/p>\n<h2>Procedimiento de ejecuci\u00f3n<\/h2>\n<p>Si considera que se ve perjudicado por el dise\u00f1o no suficientemente accesible de nuestro sitio web, puede dirigirse al organismo de ejecuci\u00f3n competente. Puede contactarlo en:<\/p>\n<p>Ministerio de Asuntos Sociales e Integraci\u00f3n de Baden-W\u00fcrttemberg<br \/>\nElse-Josenhans-Stra\u00dfe 6<br \/>\n70173 Stuttgart<\/p>\n<p>Tel\u00e9fono: 0711 279-3360<br \/>\nCorreo electr\u00f3nico: <a href=\"mailto:poststelle@bfbmb.bwl.de\">poststelle@bfbmb.bwl.de<\/a><\/p>\n<h2>Elaboraci\u00f3n de esta declaraci\u00f3n de accesibilidad<\/h2>\n<p>Esta declaraci\u00f3n fue elaborada el 23\/06\/2025.<\/p>\n<p>La declaraci\u00f3n fue revisada por \u00faltima vez el 23\/06\/2025.<\/p>\n<h2><strong>Versi\u00f3n alemana:<\/strong><\/h2>\n<h2>Erkl\u00e4rung zur Barrierefreiheit<\/h2>\n<p>Wir (Miller Incoming GmbH) als Websitebetreiber sind bem\u00fcht, die Website in Einklang mit den einschl\u00e4gigen Vorschriften zur Barrierefreiheit zu gestalten. F\u00fcr uns gelten folgende Rechtsvorschriften:<\/p>\n<p>Landesgesetz zur Gleichstellung von Menschen mit Behinderungen (Landes-Behindertengleichstellungsgesetz \u2013 L-BGG) und L-BGG-Durchf\u00fchrungsverordnung<\/p>\n<h2>Website<\/h2>\n<p>Diese Erkl\u00e4rung zur Barrierefreiheit gilt f\u00fcr die Website\u00a0<a href=\"https:\/\/www.miller-incoming.com\/pt-br\/\">https:\/\/www.miller-incoming.com<\/a>.<\/p>\n<h3>Letzte Aktualisierung der Website<\/h3>\n<p>Diese Website wurde zuletzt am 23.06.2025 in wesentlichen Punkten inhaltlich \u00fcberarbeitet.<\/p>\n<h2>Feedback und Kontaktangaben<\/h2>\n<p>Sind Ihnen M\u00e4ngel beim barrierefreien Zugang zu Inhalten auf unserer Website aufgefallen oder haben Sie Anmerkungen sowie Fragen zum barrierefreien Zugang? Melden Sie sich gerne bei uns unter:<\/p>\n<p>Miller Incoming GmbH<br \/>\nMillerhof 2-5<br \/>\nD-88281 Schlier<br \/>\nDeutschland<\/p>\n<p>Telefon \u00a0+49 (0) 7529 9713-60<\/p>\n<p>info@miller-incoming.com<\/p>\n<p><a href=\"https:\/\/www.miller-incoming.com\/es\/contacto\/\">https:\/\/www.miller-incoming.com\/contact\/<\/a><\/p>\n<h2>Stand der Vereinbarkeit mit den Anforderungen<\/h2>\n<p>Diese Website ist nicht vollst\u00e4ndig mit den f\u00fcr uns geltenden Vorschriften zur Barrierefreiheit vereinbar. Im Einzelnen:<\/p>\n<h3>Unvereinbarkeit mit den Rechtsvorschriften zur Barrierefreiheit<\/h3>\n<p>Die nachstehend aufgef\u00fchrten Inhalte sind nicht mit den einschl\u00e4gigen gesetzlichen Vorschriften zur Barrierefreiheit vereinbar:<\/p>\n<ul>\n<li>PDFs, die wir zum Download bereitstellen, sind nicht barrierefrei.<\/li>\n<li>Videos enthalten keine Untertitel oder Geb\u00e4rdensprache<\/li>\n<\/ul>\n<h3>Evaluationsmethode<\/h3>\n<p>Selbsteinsch\u00e4tzung<\/p>\n<h2>Durchsetzungsverfahren<\/h2>\n<p>Sollten Sie der Ansicht sein, dass Sie durch eine nicht ausreichende barrierefreie Gestaltung unserer Website benachteiligt sind, k\u00f6nnen Sie sich an die zust\u00e4ndige Durchsetzungsstelle wenden. Diese erreichen Sie unter:<\/p>\n<p>Ministerium f\u00fcr Soziales und Integration Baden-W\u00fcrttemberg<br \/>\nElse-Josenhans-Stra\u00dfe 6<br \/>\n70173 Stuttgart<\/p>\n<p>Telefon: 0711 279-3360<br \/>\nE-Mail:\u00a0<a href=\"mailto:poststelle@bfbmb.bwl.de\">poststelle@bfbmb.bwl.de<\/a><\/p>\n<h2>Erstellung dieser Erkl\u00e4rung zur Barrierefreiheit<\/h2>\n<p>Diese Erkl\u00e4rung wurde am 23.06.2025 erstellt.<\/p>\n<p>Die Erkl\u00e4rung wurde zuletzt am 23.06.2025 \u00fcberpr\u00fcft.<\/p>\n<p>Quelle:\u00a0<a href=\"https:\/\/www.e-recht24.de\/barrierefreiheitserklaerung.html\">eRecht24<\/a><\/p>\n<\/div><\/section>\n","protected":false},"excerpt":{"rendered":"","protected":false},"author":2,"featured_media":0,"parent":0,"menu_order":0,"comment_status":"closed","ping_status":"closed","template":"","meta":{"footnotes":""},"class_list":["post-3419","page","type-page","status-publish","hentry"],"yoast_head":"<!-- This site is optimized with the Yoast SEO plugin v27.3 - https:\/\/yoast.com\/product\/yoast-seo-wordpress\/ -->\n<title>Accesibilidad | Miller Incoming<\/title>\n<meta name=\"robots\" content=\"noindex, follow\" \/>\n<meta property=\"og:locale\" content=\"es_ES\" \/>\n<meta property=\"og:type\" content=\"article\" \/>\n<meta property=\"og:title\" content=\"Accesibilidad | Miller Incoming\" \/>\n<meta property=\"og:url\" content=\"https:\/\/www.miller-incoming.com\/es\/accesibilidad\/\" \/>\n<meta property=\"og:site_name\" content=\"Miller Incoming\" \/>\n<meta property=\"article:modified_time\" content=\"2025-06-27T09:19:53+00:00\" \/>\n<meta property=\"og:image\" content=\"https:\/\/www.miller-incoming.com\/wp-content\/uploads\/2023\/02\/Schloss-Neuschwanstein_Miller-Incoming.jpg\" \/>\n\t<meta property=\"og:image:width\" content=\"2000\" \/>\n\t<meta property=\"og:image:height\" content=\"860\" \/>\n\t<meta property=\"og:image:type\" content=\"image\/jpeg\" \/>\n<meta name=\"twitter:card\" content=\"summary_large_image\" \/>\n<meta name=\"twitter:label1\" content=\"Tiempo de lectura\" \/>\n\t<meta name=\"twitter:data1\" content=\"3 minutos\" \/>\n<script type=\"application\/ld+json\" class=\"yoast-schema-graph\">{\"@context\":\"https:\\\/\\\/schema.org\",\"@graph\":[{\"@type\":\"WebPage\",\"@id\":\"https:\\\/\\\/www.miller-incoming.com\\\/es\\\/accesibilidad\\\/\",\"url\":\"https:\\\/\\\/www.miller-incoming.com\\\/es\\\/accesibilidad\\\/\",\"name\":\"Accesibilidad | Miller Incoming\",\"isPartOf\":{\"@id\":\"https:\\\/\\\/www.miller-incoming.com\\\/#website\"},\"datePublished\":\"2025-06-27T08:54:16+00:00\",\"dateModified\":\"2025-06-27T09:19:53+00:00\",\"breadcrumb\":{\"@id\":\"https:\\\/\\\/www.miller-incoming.com\\\/es\\\/accesibilidad\\\/#breadcrumb\"},\"inLanguage\":\"es\",\"potentialAction\":[{\"@type\":\"ReadAction\",\"target\":[\"https:\\\/\\\/www.miller-incoming.com\\\/es\\\/accesibilidad\\\/\"]}]},{\"@type\":\"BreadcrumbList\",\"@id\":\"https:\\\/\\\/www.miller-incoming.com\\\/es\\\/accesibilidad\\\/#breadcrumb\",\"itemListElement\":[{\"@type\":\"ListItem\",\"position\":1,\"name\":\"Home\",\"item\":\"https:\\\/\\\/www.miller-incoming.com\\\/es\\\/pagina-inicial\\\/\"},{\"@type\":\"ListItem\",\"position\":2,\"name\":\"Accesibilidad\"}]},{\"@type\":\"WebSite\",\"@id\":\"https:\\\/\\\/www.miller-incoming.com\\\/#website\",\"url\":\"https:\\\/\\\/www.miller-incoming.com\\\/\",\"name\":\"Miller Incoming\",\"description\":\"DMC for Germany, Austria, Switzerland\",\"publisher\":{\"@id\":\"https:\\\/\\\/www.miller-incoming.com\\\/#organization\"},\"potentialAction\":[{\"@type\":\"SearchAction\",\"target\":{\"@type\":\"EntryPoint\",\"urlTemplate\":\"https:\\\/\\\/www.miller-incoming.com\\\/?s={search_term_string}\"},\"query-input\":{\"@type\":\"PropertyValueSpecification\",\"valueRequired\":true,\"valueName\":\"search_term_string\"}}],\"inLanguage\":\"es\"},{\"@type\":\"Organization\",\"@id\":\"https:\\\/\\\/www.miller-incoming.com\\\/#organization\",\"name\":\"Miller Incoming GmbH\",\"url\":\"https:\\\/\\\/www.miller-incoming.com\\\/\",\"logo\":{\"@type\":\"ImageObject\",\"inLanguage\":\"es\",\"@id\":\"https:\\\/\\\/www.miller-incoming.com\\\/#\\\/schema\\\/logo\\\/image\\\/\",\"url\":\"https:\\\/\\\/www.miller-incoming.com\\\/wp-content\\\/uploads\\\/2023\\\/02\\\/Miller-Incoming.png\",\"contentUrl\":\"https:\\\/\\\/www.miller-incoming.com\\\/wp-content\\\/uploads\\\/2023\\\/02\\\/Miller-Incoming.png\",\"width\":195,\"height\":109,\"caption\":\"Miller Incoming GmbH\"},\"image\":{\"@id\":\"https:\\\/\\\/www.miller-incoming.com\\\/#\\\/schema\\\/logo\\\/image\\\/\"},\"sameAs\":[\"https:\\\/\\\/de.linkedin.com\\\/company\\\/miller-incoming-gmbh\"]}]}<\/script>\n<!-- \/ Yoast SEO plugin. -->","yoast_head_json":{"title":"Accesibilidad | Miller Incoming","robots":{"index":"noindex","follow":"follow"},"og_locale":"es_ES","og_type":"article","og_title":"Accesibilidad | Miller Incoming","og_url":"https:\/\/www.miller-incoming.com\/es\/accesibilidad\/","og_site_name":"Miller Incoming","article_modified_time":"2025-06-27T09:19:53+00:00","og_image":[{"width":2000,"height":860,"url":"https:\/\/www.miller-incoming.com\/wp-content\/uploads\/2023\/02\/Schloss-Neuschwanstein_Miller-Incoming.jpg","type":"image\/jpeg"}],"twitter_card":"summary_large_image","twitter_misc":{"Tiempo de lectura":"3 minutos"},"schema":{"@context":"https:\/\/schema.org","@graph":[{"@type":"WebPage","@id":"https:\/\/www.miller-incoming.com\/es\/accesibilidad\/","url":"https:\/\/www.miller-incoming.com\/es\/accesibilidad\/","name":"Accesibilidad | Miller Incoming","isPartOf":{"@id":"https:\/\/www.miller-incoming.com\/#website"},"datePublished":"2025-06-27T08:54:16+00:00","dateModified":"2025-06-27T09:19:53+00:00","breadcrumb":{"@id":"https:\/\/www.miller-incoming.com\/es\/accesibilidad\/#breadcrumb"},"inLanguage":"es","potentialAction":[{"@type":"ReadAction","target":["https:\/\/www.miller-incoming.com\/es\/accesibilidad\/"]}]},{"@type":"BreadcrumbList","@id":"https:\/\/www.miller-incoming.com\/es\/accesibilidad\/#breadcrumb","itemListElement":[{"@type":"ListItem","position":1,"name":"Home","item":"https:\/\/www.miller-incoming.com\/es\/pagina-inicial\/"},{"@type":"ListItem","position":2,"name":"Accesibilidad"}]},{"@type":"WebSite","@id":"https:\/\/www.miller-incoming.com\/#website","url":"https:\/\/www.miller-incoming.com\/","name":"Miller Incoming","description":"DMC for Germany, Austria, Switzerland","publisher":{"@id":"https:\/\/www.miller-incoming.com\/#organization"},"potentialAction":[{"@type":"SearchAction","target":{"@type":"EntryPoint","urlTemplate":"https:\/\/www.miller-incoming.com\/?s={search_term_string}"},"query-input":{"@type":"PropertyValueSpecification","valueRequired":true,"valueName":"search_term_string"}}],"inLanguage":"es"},{"@type":"Organization","@id":"https:\/\/www.miller-incoming.com\/#organization","name":"Miller Incoming GmbH","url":"https:\/\/www.miller-incoming.com\/","logo":{"@type":"ImageObject","inLanguage":"es","@id":"https:\/\/www.miller-incoming.com\/#\/schema\/logo\/image\/","url":"https:\/\/www.miller-incoming.com\/wp-content\/uploads\/2023\/02\/Miller-Incoming.png","contentUrl":"https:\/\/www.miller-incoming.com\/wp-content\/uploads\/2023\/02\/Miller-Incoming.png","width":195,"height":109,"caption":"Miller Incoming GmbH"},"image":{"@id":"https:\/\/www.miller-incoming.com\/#\/schema\/logo\/image\/"},"sameAs":["https:\/\/de.linkedin.com\/company\/miller-incoming-gmbh"]}]}},"_links":{"self":[{"href":"https:\/\/www.miller-incoming.com\/es\/wp-json\/wp\/v2\/pages\/3419","targetHints":{"allow":["GET"]}}],"collection":[{"href":"https:\/\/www.miller-incoming.com\/es\/wp-json\/wp\/v2\/pages"}],"about":[{"href":"https:\/\/www.miller-incoming.com\/es\/wp-json\/wp\/v2\/types\/page"}],"author":[{"embeddable":true,"href":"https:\/\/www.miller-incoming.com\/es\/wp-json\/wp\/v2\/users\/2"}],"replies":[{"embeddable":true,"href":"https:\/\/www.miller-incoming.com\/es\/wp-json\/wp\/v2\/comments?post=3419"}],"version-history":[{"count":2,"href":"https:\/\/www.miller-incoming.com\/es\/wp-json\/wp\/v2\/pages\/3419\/revisions"}],"predecessor-version":[{"id":3421,"href":"https:\/\/www.miller-incoming.com\/es\/wp-json\/wp\/v2\/pages\/3419\/revisions\/3421"}],"wp:attachment":[{"href":"https:\/\/www.miller-incoming.com\/es\/wp-json\/wp\/v2\/media?parent=3419"}],"curies":[{"name":"wp","href":"https:\/\/api.w.org\/{rel}","templated":true}]}}