{"id":2866,"date":"2024-10-23T16:03:16","date_gmt":"2024-10-23T14:03:16","guid":{"rendered":"https:\/\/www.miller-incoming.com\/?page_id=2866"},"modified":"2024-10-25T07:29:06","modified_gmt":"2024-10-25T05:29:06","slug":"gravacao-do-webinar","status":"publish","type":"page","link":"https:\/\/www.miller-incoming.com\/pt-br\/gravacao-do-webinar\/","title":{"rendered":"Grava\u00e7\u00e3o do webinar"},"content":{"rendered":"<div  class='flex_column av-av_one_full-2d22dc0500e159f2b39fe7a147caf14c av_one_full  avia-builder-el-0  avia-builder-el-no-sibling  first flex_column_div  '     ><section  class='av_textblock_section av-m2oac48s-5025fde501edd87bbeeddecc940d54ca '   itemscope=\"itemscope\" itemtype=\"https:\/\/schema.org\/CreativeWork\" ><div class='avia_textblock'  itemprop=\"text\" ><h1>Webin\u00e1rio Cat\u00e1logo Alemanha, \u00c1ustria e Su\u00ed\u00e7a 2025\/2026<\/h1>\n<p>Nossa representante no Brasil, Adriana Martins, juntamente com nossa Diretora de Vendas, Narcisa L\u00f3pez, contar\u00e3o tudo o que voc\u00ea precisa saber sobre nosso produto e nossos destinos na Alemanha, \u00c1ustria e Su\u00ed\u00e7a: desde rom\u00e2nticas cidades medievais e paisagens de tirar o f\u00f4lego at\u00e9 castelos de sonho.<\/p>\n<\/div><\/section><br \/>\n<\/p><\/div>\n","protected":false},"excerpt":{"rendered":"","protected":false},"author":4,"featured_media":0,"parent":0,"menu_order":0,"comment_status":"closed","ping_status":"closed","template":"","meta":{"footnotes":""},"class_list":["post-2866","page","type-page","status-publish","hentry"],"yoast_head":"<!-- This site is optimized with the Yoast SEO plugin v27.3 - https:\/\/yoast.com\/product\/yoast-seo-wordpress\/ -->\n<title>Grava\u00e7\u00e3o do webinar | Miller Incoming<\/title>\n<meta name=\"robots\" content=\"index, follow, max-snippet:-1, max-image-preview:large, max-video-preview:-1\" \/>\n<link rel=\"canonical\" href=\"https:\/\/www.miller-incoming.com\/pt-br\/gravacao-do-webinar\/\" \/>\n<meta property=\"og:locale\" content=\"pt_BR\" \/>\n<meta property=\"og:type\" content=\"article\" \/>\n<meta property=\"og:title\" content=\"Grava\u00e7\u00e3o do webinar | Miller Incoming\" \/>\n<meta property=\"og:url\" content=\"https:\/\/www.miller-incoming.com\/pt-br\/gravacao-do-webinar\/\" \/>\n<meta property=\"og:site_name\" content=\"Miller Incoming\" \/>\n<meta property=\"article:modified_time\" content=\"2024-10-25T05:29:06+00:00\" \/>\n<meta property=\"og:image\" content=\"https:\/\/www.miller-incoming.com\/wp-content\/uploads\/2023\/02\/Schloss-Neuschwanstein_Miller-Incoming.jpg\" \/>\n\t<meta property=\"og:image:width\" content=\"2000\" \/>\n\t<meta property=\"og:image:height\" content=\"860\" \/>\n\t<meta property=\"og:image:type\" content=\"image\/jpeg\" \/>\n<meta name=\"twitter:card\" content=\"summary_large_image\" \/>\n<meta name=\"twitter:label1\" content=\"Est. tempo de leitura\" \/>\n\t<meta name=\"twitter:data1\" content=\"1 minuto\" \/>\n<script type=\"application\/ld+json\" class=\"yoast-schema-graph\">{\"@context\":\"https:\\\/\\\/schema.org\",\"@graph\":[{\"@type\":\"WebPage\",\"@id\":\"https:\\\/\\\/www.miller-incoming.com\\\/pt-br\\\/gravacao-do-webinar\\\/\",\"url\":\"https:\\\/\\\/www.miller-incoming.com\\\/pt-br\\\/gravacao-do-webinar\\\/\",\"name\":\"Grava\u00e7\u00e3o do webinar | Miller Incoming\",\"isPartOf\":{\"@id\":\"https:\\\/\\\/www.miller-incoming.com\\\/#website\"},\"datePublished\":\"2024-10-23T14:03:16+00:00\",\"dateModified\":\"2024-10-25T05:29:06+00:00\",\"breadcrumb\":{\"@id\":\"https:\\\/\\\/www.miller-incoming.com\\\/pt-br\\\/gravacao-do-webinar\\\/#breadcrumb\"},\"inLanguage\":\"pt-BR\",\"potentialAction\":[{\"@type\":\"ReadAction\",\"target\":[\"https:\\\/\\\/www.miller-incoming.com\\\/pt-br\\\/gravacao-do-webinar\\\/\"]}]},{\"@type\":\"BreadcrumbList\",\"@id\":\"https:\\\/\\\/www.miller-incoming.com\\\/pt-br\\\/gravacao-do-webinar\\\/#breadcrumb\",\"itemListElement\":[{\"@type\":\"ListItem\",\"position\":1,\"name\":\"Home\",\"item\":\"https:\\\/\\\/www.miller-incoming.com\\\/pt-br\\\/pagina-inicial\\\/\"},{\"@type\":\"ListItem\",\"position\":2,\"name\":\"Grava\u00e7\u00e3o do webinar\"}]},{\"@type\":\"WebSite\",\"@id\":\"https:\\\/\\\/www.miller-incoming.com\\\/#website\",\"url\":\"https:\\\/\\\/www.miller-incoming.com\\\/\",\"name\":\"Miller Incoming\",\"description\":\"DMC for Germany, Austria, Switzerland\",\"publisher\":{\"@id\":\"https:\\\/\\\/www.miller-incoming.com\\\/#organization\"},\"potentialAction\":[{\"@type\":\"SearchAction\",\"target\":{\"@type\":\"EntryPoint\",\"urlTemplate\":\"https:\\\/\\\/www.miller-incoming.com\\\/?s={search_term_string}\"},\"query-input\":{\"@type\":\"PropertyValueSpecification\",\"valueRequired\":true,\"valueName\":\"search_term_string\"}}],\"inLanguage\":\"pt-BR\"},{\"@type\":\"Organization\",\"@id\":\"https:\\\/\\\/www.miller-incoming.com\\\/#organization\",\"name\":\"Miller Incoming GmbH\",\"url\":\"https:\\\/\\\/www.miller-incoming.com\\\/\",\"logo\":{\"@type\":\"ImageObject\",\"inLanguage\":\"pt-BR\",\"@id\":\"https:\\\/\\\/www.miller-incoming.com\\\/#\\\/schema\\\/logo\\\/image\\\/\",\"url\":\"https:\\\/\\\/www.miller-incoming.com\\\/wp-content\\\/uploads\\\/2023\\\/02\\\/Miller-Incoming.png\",\"contentUrl\":\"https:\\\/\\\/www.miller-incoming.com\\\/wp-content\\\/uploads\\\/2023\\\/02\\\/Miller-Incoming.png\",\"width\":195,\"height\":109,\"caption\":\"Miller Incoming GmbH\"},\"image\":{\"@id\":\"https:\\\/\\\/www.miller-incoming.com\\\/#\\\/schema\\\/logo\\\/image\\\/\"},\"sameAs\":[\"https:\\\/\\\/de.linkedin.com\\\/company\\\/miller-incoming-gmbh\"]}]}<\/script>\n<!-- \/ Yoast SEO plugin. -->","yoast_head_json":{"title":"Grava\u00e7\u00e3o do webinar | Miller Incoming","robots":{"index":"index","follow":"follow","max-snippet":"max-snippet:-1","max-image-preview":"max-image-preview:large","max-video-preview":"max-video-preview:-1"},"canonical":"https:\/\/www.miller-incoming.com\/pt-br\/gravacao-do-webinar\/","og_locale":"pt_BR","og_type":"article","og_title":"Grava\u00e7\u00e3o do webinar | Miller Incoming","og_url":"https:\/\/www.miller-incoming.com\/pt-br\/gravacao-do-webinar\/","og_site_name":"Miller Incoming","article_modified_time":"2024-10-25T05:29:06+00:00","og_image":[{"width":2000,"height":860,"url":"https:\/\/www.miller-incoming.com\/wp-content\/uploads\/2023\/02\/Schloss-Neuschwanstein_Miller-Incoming.jpg","type":"image\/jpeg"}],"twitter_card":"summary_large_image","twitter_misc":{"Est. tempo de leitura":"1 minuto"},"schema":{"@context":"https:\/\/schema.org","@graph":[{"@type":"WebPage","@id":"https:\/\/www.miller-incoming.com\/pt-br\/gravacao-do-webinar\/","url":"https:\/\/www.miller-incoming.com\/pt-br\/gravacao-do-webinar\/","name":"Grava\u00e7\u00e3o do webinar | Miller Incoming","isPartOf":{"@id":"https:\/\/www.miller-incoming.com\/#website"},"datePublished":"2024-10-23T14:03:16+00:00","dateModified":"2024-10-25T05:29:06+00:00","breadcrumb":{"@id":"https:\/\/www.miller-incoming.com\/pt-br\/gravacao-do-webinar\/#breadcrumb"},"inLanguage":"pt-BR","potentialAction":[{"@type":"ReadAction","target":["https:\/\/www.miller-incoming.com\/pt-br\/gravacao-do-webinar\/"]}]},{"@type":"BreadcrumbList","@id":"https:\/\/www.miller-incoming.com\/pt-br\/gravacao-do-webinar\/#breadcrumb","itemListElement":[{"@type":"ListItem","position":1,"name":"Home","item":"https:\/\/www.miller-incoming.com\/pt-br\/pagina-inicial\/"},{"@type":"ListItem","position":2,"name":"Grava\u00e7\u00e3o do webinar"}]},{"@type":"WebSite","@id":"https:\/\/www.miller-incoming.com\/#website","url":"https:\/\/www.miller-incoming.com\/","name":"Miller Incoming","description":"DMC for Germany, Austria, Switzerland","publisher":{"@id":"https:\/\/www.miller-incoming.com\/#organization"},"potentialAction":[{"@type":"SearchAction","target":{"@type":"EntryPoint","urlTemplate":"https:\/\/www.miller-incoming.com\/?s={search_term_string}"},"query-input":{"@type":"PropertyValueSpecification","valueRequired":true,"valueName":"search_term_string"}}],"inLanguage":"pt-BR"},{"@type":"Organization","@id":"https:\/\/www.miller-incoming.com\/#organization","name":"Miller Incoming GmbH","url":"https:\/\/www.miller-incoming.com\/","logo":{"@type":"ImageObject","inLanguage":"pt-BR","@id":"https:\/\/www.miller-incoming.com\/#\/schema\/logo\/image\/","url":"https:\/\/www.miller-incoming.com\/wp-content\/uploads\/2023\/02\/Miller-Incoming.png","contentUrl":"https:\/\/www.miller-incoming.com\/wp-content\/uploads\/2023\/02\/Miller-Incoming.png","width":195,"height":109,"caption":"Miller Incoming GmbH"},"image":{"@id":"https:\/\/www.miller-incoming.com\/#\/schema\/logo\/image\/"},"sameAs":["https:\/\/de.linkedin.com\/company\/miller-incoming-gmbh"]}]}},"_links":{"self":[{"href":"https:\/\/www.miller-incoming.com\/pt-br\/wp-json\/wp\/v2\/pages\/2866","targetHints":{"allow":["GET"]}}],"collection":[{"href":"https:\/\/www.miller-incoming.com\/pt-br\/wp-json\/wp\/v2\/pages"}],"about":[{"href":"https:\/\/www.miller-incoming.com\/pt-br\/wp-json\/wp\/v2\/types\/page"}],"author":[{"embeddable":true,"href":"https:\/\/www.miller-incoming.com\/pt-br\/wp-json\/wp\/v2\/users\/4"}],"replies":[{"embeddable":true,"href":"https:\/\/www.miller-incoming.com\/pt-br\/wp-json\/wp\/v2\/comments?post=2866"}],"version-history":[{"count":3,"href":"https:\/\/www.miller-incoming.com\/pt-br\/wp-json\/wp\/v2\/pages\/2866\/revisions"}],"predecessor-version":[{"id":3608,"href":"https:\/\/www.miller-incoming.com\/pt-br\/wp-json\/wp\/v2\/pages\/2866\/revisions\/3608"}],"wp:attachment":[{"href":"https:\/\/www.miller-incoming.com\/pt-br\/wp-json\/wp\/v2\/media?parent=2866"}],"curies":[{"name":"wp","href":"https:\/\/api.w.org\/{rel}","templated":true}]}}