{"id":3414,"date":"2025-06-27T10:54:16","date_gmt":"2025-06-27T08:54:16","guid":{"rendered":"https:\/\/www.miller-incoming.com\/?page_id=3414"},"modified":"2025-06-27T11:15:38","modified_gmt":"2025-06-27T09:15:38","slug":"acessibilidade","status":"publish","type":"page","link":"https:\/\/www.miller-incoming.com\/pt-br\/acessibilidade\/","title":{"rendered":"Acessibilidade"},"content":{"rendered":"<section  class='av_textblock_section av-mcelk43e-3782e6c36f6dd873b8162d96e60b7089 '   itemscope=\"itemscope\" itemtype=\"https:\/\/schema.org\/CreativeWork\" ><div class='avia_textblock'  itemprop=\"text\" ><h1>Declara\u00e7\u00e3o de Acessibilidade<\/h1>\n<p><strong>Aten\u00e7\u00e3o: Esta declara\u00e7\u00e3o de acessibilidade foi traduzida automaticamente para o portugu\u00eas. A vers\u00e3o original em alem\u00e3o (criada por e-recht24) pode ser encontrada abaixo.<\/strong><\/p>\n<p>N\u00f3s (Miller Incoming GmbH), como operadora do site, nos esfor\u00e7amos para tornar este site compat\u00edvel com os regulamentos de acessibilidade aplic\u00e1veis. As seguintes disposi\u00e7\u00f5es legais se aplicam a n\u00f3s:<\/p>\n<p>Lei Estadual de Igualdade para Pessoas com Defici\u00eancia (Landes-Behindertengleichstellungsgesetz &#8211; L-BGG) e Regulamento de Implementa\u00e7\u00e3o da L-BGG<\/p>\n<h2>Website<\/h2>\n<p>Esta declara\u00e7\u00e3o de acessibilidade se aplica ao site <a href=\"https:\/\/www.miller-incoming.com\/pt-br\/\">https:\/\/www.miller-incoming.com<\/a>.<\/p>\n<h3>\u00daltima atualiza\u00e7\u00e3o do site<\/h3>\n<p>Este site foi substancialmente revisado em 23\/06\/2025.<\/p>\n<h2>Coment\u00e1rios e Informa\u00e7\u00f5es de Contato<\/h2>\n<p>Voc\u00ea identificou alguma defici\u00eancia no acesso acess\u00edvel ao conte\u00fado do nosso site ou tem coment\u00e1rios ou perguntas sobre acessibilidade? Fique \u00e0 vontade para entrar em contato conosco:<\/p>\n<p>Miller Incoming GmbH<br \/>\nMillerhof 2-5<br \/>\nD-88281 Schlier<br \/>\nAlemanha<\/p>\n<p>Telefone: +49 (0) 7529 9713-60<\/p>\n<p>info@miller-incoming.com<\/p>\n<p><a href=\"https:\/\/www.miller-incoming.com\/pt-br\/contacto\/\">https:\/\/www.miller-incoming.com\/contact\/<\/a><\/p>\n<h2>Status de Conformidade com os Requisitos<\/h2>\n<p>Este site n\u00e3o est\u00e1 totalmente em conformidade com os regulamentos de acessibilidade aplic\u00e1veis a n\u00f3s. Especificamente:<\/p>\n<h3>Incompatibilidades com os Regulamentos de Acessibilidade<\/h3>\n<p>Os seguintes conte\u00fados n\u00e3o est\u00e3o em conformidade com as disposi\u00e7\u00f5es legais relevantes sobre acessibilidade:<\/p>\n<ul>\n<li>Os PDFs disponibilizados para download n\u00e3o s\u00e3o acess\u00edveis.<\/li>\n<li>Os v\u00eddeos n\u00e3o possuem legendas nem interpreta\u00e7\u00e3o em l\u00edngua de sinais.<\/li>\n<\/ul>\n<h3>M\u00e9todo de Avalia\u00e7\u00e3o<\/h3>\n<p>Autoavalia\u00e7\u00e3o<\/p>\n<h2>Procedimento de Execu\u00e7\u00e3o<\/h2>\n<p>Caso voc\u00ea acredite que est\u00e1 sendo prejudicado pelo design n\u00e3o suficientemente acess\u00edvel do nosso site, pode entrar em contato com o \u00f3rg\u00e3o competente. Voc\u00ea pode contat\u00e1-lo em:<\/p>\n<p>Minist\u00e9rio de Assuntos Sociais e Integra\u00e7\u00e3o de Baden-W\u00fcrttemberg<br \/>\nElse-Josenhans-Stra\u00dfe 6<br \/>\n70173 Stuttgart<\/p>\n<p>Telefone: 0711 279-3360<br \/>\nE-mail: <a href=\"mailto:poststelle@bfbmb.bwl.de\">poststelle@bfbmb.bwl.de<\/a><\/p>\n<h2>Elabora\u00e7\u00e3o desta Declara\u00e7\u00e3o de Acessibilidade<\/h2>\n<p>Esta declara\u00e7\u00e3o foi elaborada em 23\/06\/2025.<\/p>\n<p>A declara\u00e7\u00e3o foi revisada pela \u00faltima vez em 23\/06\/2025.<\/p>\n<div class=\"main_color container_wrap_first container_wrap fullsize\">\n<div class=\"container av-section-cont-open\">\n<div class=\"post-entry post-entry-type-page post-entry-3408\">\n<div class=\"entry-content-wrapper clearfix\">\n<section class=\"av_textblock_section av-mcel4jdv-021edc3f9cffeb35157611851d6c71fc \">\n<div class=\"avia_textblock\">\n<h2><strong>Vers\u00e3o alem\u00e3:<\/strong><\/h2>\n<h2>Erkl\u00e4rung zur Barrierefreiheit<\/h2>\n<p>Wir (Miller Incoming GmbH) als Websitebetreiber sind bem\u00fcht, die Website in Einklang mit den einschl\u00e4gigen Vorschriften zur Barrierefreiheit zu gestalten. F\u00fcr uns gelten folgende Rechtsvorschriften:<\/p>\n<p>Landesgesetz zur Gleichstellung von Menschen mit Behinderungen (Landes-Behindertengleichstellungsgesetz \u2013 L-BGG) und L-BGG-Durchf\u00fchrungsverordnung<\/p>\n<h2>Website<\/h2>\n<p>Diese Erkl\u00e4rung zur Barrierefreiheit gilt f\u00fcr die Website\u00a0<a href=\"https:\/\/www.miller-incoming.com\/pt-br\/\">https:\/\/www.miller-incoming.com<\/a>.<\/p>\n<h3>Letzte Aktualisierung der Website<\/h3>\n<p>Diese Website wurde zuletzt am 23.06.2025 in wesentlichen Punkten inhaltlich \u00fcberarbeitet.<\/p>\n<h2>Feedback und Kontaktangaben<\/h2>\n<p>Sind Ihnen M\u00e4ngel beim barrierefreien Zugang zu Inhalten auf unserer Website aufgefallen oder haben Sie Anmerkungen sowie Fragen zum barrierefreien Zugang? Melden Sie sich gerne bei uns unter:<\/p>\n<p>Miller Incoming GmbH<br \/>\nMillerhof 2-5<br \/>\nD-88281 Schlier<br \/>\nDeutschland<\/p>\n<p>Telefon \u00a0+49 (0) 7529 9713-60<\/p>\n<p>info@miller-incoming.com<\/p>\n<p><a href=\"https:\/\/www.miller-incoming.com\/pt-br\/contacto\/\">https:\/\/www.miller-incoming.com\/contact\/<\/a><\/p>\n<h2>Stand der Vereinbarkeit mit den Anforderungen<\/h2>\n<p>Diese Website ist nicht vollst\u00e4ndig mit den f\u00fcr uns geltenden Vorschriften zur Barrierefreiheit vereinbar. Im Einzelnen:<\/p>\n<h3>Unvereinbarkeit mit den Rechtsvorschriften zur Barrierefreiheit<\/h3>\n<p>Die nachstehend aufgef\u00fchrten Inhalte sind nicht mit den einschl\u00e4gigen gesetzlichen Vorschriften zur Barrierefreiheit vereinbar:<\/p>\n<ul>\n<li>PDFs, die wir zum Download bereitstellen, sind nicht barrierefrei.<\/li>\n<li>Videos enthalten keine Untertitel oder Geb\u00e4rdensprache<\/li>\n<\/ul>\n<h3>Evaluationsmethode<\/h3>\n<p>Selbsteinsch\u00e4tzung<\/p>\n<h2>Durchsetzungsverfahren<\/h2>\n<p>Sollten Sie der Ansicht sein, dass Sie durch eine nicht ausreichende barrierefreie Gestaltung unserer Website benachteiligt sind, k\u00f6nnen Sie sich an die zust\u00e4ndige Durchsetzungsstelle wenden. Diese erreichen Sie unter:<\/p>\n<p>Ministerium f\u00fcr Soziales und Integration Baden-W\u00fcrttemberg<br \/>\nElse-Josenhans-Stra\u00dfe 6<br \/>\n70173 Stuttgart<\/p>\n<p>Telefon: 0711 279-3360<br \/>\nE-Mail:\u00a0<a href=\"mailto:poststelle@bfbmb.bwl.de\">poststelle@bfbmb.bwl.de<\/a><\/p>\n<h2>Erstellung dieser Erkl\u00e4rung zur Barrierefreiheit<\/h2>\n<p>Diese Erkl\u00e4rung wurde am 23.06.2025 erstellt.<\/p>\n<p>Die Erkl\u00e4rung wurde zuletzt am 23.06.2025 \u00fcberpr\u00fcft.<\/p>\n<p>Quelle:\u00a0<a href=\"https:\/\/www.e-recht24.de\/barrierefreiheitserklaerung.html\">eRecht24<\/a><\/p>\n<\/div>\n<\/section>\n<\/div>\n<\/div>\n<\/div>\n<\/div>\n<\/div><\/section>\n","protected":false},"excerpt":{"rendered":"","protected":false},"author":2,"featured_media":0,"parent":0,"menu_order":0,"comment_status":"closed","ping_status":"closed","template":"","meta":{"footnotes":""},"class_list":["post-3414","page","type-page","status-publish","hentry"],"yoast_head":"<!-- This site is optimized with the Yoast SEO plugin v27.3 - https:\/\/yoast.com\/product\/yoast-seo-wordpress\/ -->\n<title>Acessibilidade | Miller Incoming<\/title>\n<meta name=\"robots\" content=\"noindex, follow\" \/>\n<meta property=\"og:locale\" content=\"pt_BR\" \/>\n<meta property=\"og:type\" content=\"article\" \/>\n<meta property=\"og:title\" content=\"Acessibilidade | Miller Incoming\" \/>\n<meta property=\"og:url\" content=\"https:\/\/www.miller-incoming.com\/pt-br\/acessibilidade\/\" \/>\n<meta property=\"og:site_name\" content=\"Miller Incoming\" \/>\n<meta property=\"article:modified_time\" content=\"2025-06-27T09:15:38+00:00\" \/>\n<meta property=\"og:image\" content=\"https:\/\/www.miller-incoming.com\/wp-content\/uploads\/2023\/02\/Schloss-Neuschwanstein_Miller-Incoming.jpg\" \/>\n\t<meta property=\"og:image:width\" content=\"2000\" \/>\n\t<meta property=\"og:image:height\" content=\"860\" \/>\n\t<meta property=\"og:image:type\" content=\"image\/jpeg\" \/>\n<meta name=\"twitter:card\" content=\"summary_large_image\" \/>\n<meta name=\"twitter:label1\" content=\"Est. tempo de leitura\" \/>\n\t<meta name=\"twitter:data1\" content=\"3 minutos\" \/>\n<script type=\"application\/ld+json\" class=\"yoast-schema-graph\">{\"@context\":\"https:\\\/\\\/schema.org\",\"@graph\":[{\"@type\":\"WebPage\",\"@id\":\"https:\\\/\\\/www.miller-incoming.com\\\/pt-br\\\/acessibilidade\\\/\",\"url\":\"https:\\\/\\\/www.miller-incoming.com\\\/pt-br\\\/acessibilidade\\\/\",\"name\":\"Acessibilidade | Miller Incoming\",\"isPartOf\":{\"@id\":\"https:\\\/\\\/www.miller-incoming.com\\\/#website\"},\"datePublished\":\"2025-06-27T08:54:16+00:00\",\"dateModified\":\"2025-06-27T09:15:38+00:00\",\"breadcrumb\":{\"@id\":\"https:\\\/\\\/www.miller-incoming.com\\\/pt-br\\\/acessibilidade\\\/#breadcrumb\"},\"inLanguage\":\"pt-BR\",\"potentialAction\":[{\"@type\":\"ReadAction\",\"target\":[\"https:\\\/\\\/www.miller-incoming.com\\\/pt-br\\\/acessibilidade\\\/\"]}]},{\"@type\":\"BreadcrumbList\",\"@id\":\"https:\\\/\\\/www.miller-incoming.com\\\/pt-br\\\/acessibilidade\\\/#breadcrumb\",\"itemListElement\":[{\"@type\":\"ListItem\",\"position\":1,\"name\":\"Home\",\"item\":\"https:\\\/\\\/www.miller-incoming.com\\\/pt-br\\\/pagina-inicial\\\/\"},{\"@type\":\"ListItem\",\"position\":2,\"name\":\"Acessibilidade\"}]},{\"@type\":\"WebSite\",\"@id\":\"https:\\\/\\\/www.miller-incoming.com\\\/#website\",\"url\":\"https:\\\/\\\/www.miller-incoming.com\\\/\",\"name\":\"Miller Incoming\",\"description\":\"DMC for Germany, Austria, Switzerland\",\"publisher\":{\"@id\":\"https:\\\/\\\/www.miller-incoming.com\\\/#organization\"},\"potentialAction\":[{\"@type\":\"SearchAction\",\"target\":{\"@type\":\"EntryPoint\",\"urlTemplate\":\"https:\\\/\\\/www.miller-incoming.com\\\/?s={search_term_string}\"},\"query-input\":{\"@type\":\"PropertyValueSpecification\",\"valueRequired\":true,\"valueName\":\"search_term_string\"}}],\"inLanguage\":\"pt-BR\"},{\"@type\":\"Organization\",\"@id\":\"https:\\\/\\\/www.miller-incoming.com\\\/#organization\",\"name\":\"Miller Incoming GmbH\",\"url\":\"https:\\\/\\\/www.miller-incoming.com\\\/\",\"logo\":{\"@type\":\"ImageObject\",\"inLanguage\":\"pt-BR\",\"@id\":\"https:\\\/\\\/www.miller-incoming.com\\\/#\\\/schema\\\/logo\\\/image\\\/\",\"url\":\"https:\\\/\\\/www.miller-incoming.com\\\/wp-content\\\/uploads\\\/2023\\\/02\\\/Miller-Incoming.png\",\"contentUrl\":\"https:\\\/\\\/www.miller-incoming.com\\\/wp-content\\\/uploads\\\/2023\\\/02\\\/Miller-Incoming.png\",\"width\":195,\"height\":109,\"caption\":\"Miller Incoming GmbH\"},\"image\":{\"@id\":\"https:\\\/\\\/www.miller-incoming.com\\\/#\\\/schema\\\/logo\\\/image\\\/\"},\"sameAs\":[\"https:\\\/\\\/de.linkedin.com\\\/company\\\/miller-incoming-gmbh\"]}]}<\/script>\n<!-- \/ Yoast SEO plugin. -->","yoast_head_json":{"title":"Acessibilidade | Miller Incoming","robots":{"index":"noindex","follow":"follow"},"og_locale":"pt_BR","og_type":"article","og_title":"Acessibilidade | Miller Incoming","og_url":"https:\/\/www.miller-incoming.com\/pt-br\/acessibilidade\/","og_site_name":"Miller Incoming","article_modified_time":"2025-06-27T09:15:38+00:00","og_image":[{"width":2000,"height":860,"url":"https:\/\/www.miller-incoming.com\/wp-content\/uploads\/2023\/02\/Schloss-Neuschwanstein_Miller-Incoming.jpg","type":"image\/jpeg"}],"twitter_card":"summary_large_image","twitter_misc":{"Est. tempo de leitura":"3 minutos"},"schema":{"@context":"https:\/\/schema.org","@graph":[{"@type":"WebPage","@id":"https:\/\/www.miller-incoming.com\/pt-br\/acessibilidade\/","url":"https:\/\/www.miller-incoming.com\/pt-br\/acessibilidade\/","name":"Acessibilidade | Miller Incoming","isPartOf":{"@id":"https:\/\/www.miller-incoming.com\/#website"},"datePublished":"2025-06-27T08:54:16+00:00","dateModified":"2025-06-27T09:15:38+00:00","breadcrumb":{"@id":"https:\/\/www.miller-incoming.com\/pt-br\/acessibilidade\/#breadcrumb"},"inLanguage":"pt-BR","potentialAction":[{"@type":"ReadAction","target":["https:\/\/www.miller-incoming.com\/pt-br\/acessibilidade\/"]}]},{"@type":"BreadcrumbList","@id":"https:\/\/www.miller-incoming.com\/pt-br\/acessibilidade\/#breadcrumb","itemListElement":[{"@type":"ListItem","position":1,"name":"Home","item":"https:\/\/www.miller-incoming.com\/pt-br\/pagina-inicial\/"},{"@type":"ListItem","position":2,"name":"Acessibilidade"}]},{"@type":"WebSite","@id":"https:\/\/www.miller-incoming.com\/#website","url":"https:\/\/www.miller-incoming.com\/","name":"Miller Incoming","description":"DMC for Germany, Austria, Switzerland","publisher":{"@id":"https:\/\/www.miller-incoming.com\/#organization"},"potentialAction":[{"@type":"SearchAction","target":{"@type":"EntryPoint","urlTemplate":"https:\/\/www.miller-incoming.com\/?s={search_term_string}"},"query-input":{"@type":"PropertyValueSpecification","valueRequired":true,"valueName":"search_term_string"}}],"inLanguage":"pt-BR"},{"@type":"Organization","@id":"https:\/\/www.miller-incoming.com\/#organization","name":"Miller Incoming GmbH","url":"https:\/\/www.miller-incoming.com\/","logo":{"@type":"ImageObject","inLanguage":"pt-BR","@id":"https:\/\/www.miller-incoming.com\/#\/schema\/logo\/image\/","url":"https:\/\/www.miller-incoming.com\/wp-content\/uploads\/2023\/02\/Miller-Incoming.png","contentUrl":"https:\/\/www.miller-incoming.com\/wp-content\/uploads\/2023\/02\/Miller-Incoming.png","width":195,"height":109,"caption":"Miller Incoming GmbH"},"image":{"@id":"https:\/\/www.miller-incoming.com\/#\/schema\/logo\/image\/"},"sameAs":["https:\/\/de.linkedin.com\/company\/miller-incoming-gmbh"]}]}},"_links":{"self":[{"href":"https:\/\/www.miller-incoming.com\/pt-br\/wp-json\/wp\/v2\/pages\/3414","targetHints":{"allow":["GET"]}}],"collection":[{"href":"https:\/\/www.miller-incoming.com\/pt-br\/wp-json\/wp\/v2\/pages"}],"about":[{"href":"https:\/\/www.miller-incoming.com\/pt-br\/wp-json\/wp\/v2\/types\/page"}],"author":[{"embeddable":true,"href":"https:\/\/www.miller-incoming.com\/pt-br\/wp-json\/wp\/v2\/users\/2"}],"replies":[{"embeddable":true,"href":"https:\/\/www.miller-incoming.com\/pt-br\/wp-json\/wp\/v2\/comments?post=3414"}],"version-history":[{"count":3,"href":"https:\/\/www.miller-incoming.com\/pt-br\/wp-json\/wp\/v2\/pages\/3414\/revisions"}],"predecessor-version":[{"id":3416,"href":"https:\/\/www.miller-incoming.com\/pt-br\/wp-json\/wp\/v2\/pages\/3414\/revisions\/3416"}],"wp:attachment":[{"href":"https:\/\/www.miller-incoming.com\/pt-br\/wp-json\/wp\/v2\/media?parent=3414"}],"curies":[{"name":"wp","href":"https:\/\/api.w.org\/{rel}","templated":true}]}}